{"id":3767,"date":"2025-06-16T15:32:44","date_gmt":"2025-06-16T15:32:44","guid":{"rendered":"https:\/\/www.leodoro.pt\/politica-de-privacidade\/"},"modified":"2025-10-06T11:45:18","modified_gmt":"2025-10-06T11:45:18","slug":"politica-de-privacidade","status":"publish","type":"page","link":"https:\/\/www.leodoro.pt\/pt-pt\/politica-de-privacidade\/","title":{"rendered":"Pol\u00edtica de Privacidade"},"content":{"rendered":"<style>.elementor-3767 .elementor-element.elementor-element-47f5d2ea{--display:flex;--margin-top:80px;--margin-bottom:0px;--margin-left:0px;--margin-right:0px;}.elementor-3767 .elementor-element.elementor-element-f3b2f02{--display:flex;--flex-direction:column;--container-widget-width:100%;--container-widget-height:initial;--container-widget-flex-grow:0;--container-widget-align-self:initial;--flex-wrap-mobile:wrap;}.elementor-3767 .elementor-element.elementor-element-da83ddb{font-family:var( --e-global-typography-text-font-family ), Sans-serif;font-size:var( --e-global-typography-text-font-size );font-weight:var( --e-global-typography-text-font-weight );font-style:var( --e-global-typography-text-font-style );text-decoration:var( --e-global-typography-text-text-decoration );color:var( --e-global-color-text );}@media(max-width:1024px){.elementor-3767 .elementor-element.elementor-element-da83ddb{font-size:var( --e-global-typography-text-font-size );}}@media(max-width:767px){.elementor-3767 .elementor-element.elementor-element-da83ddb{font-size:var( --e-global-typography-text-font-size );}}<\/style>\t\t<div data-elementor-type=\"wp-page\" data-elementor-id=\"3767\" class=\"elementor elementor-3767 elementor-3\" data-elementor-post-type=\"page\">\n\t\t\t\t<div class=\"elementor-element elementor-element-47f5d2ea e-flex e-con-boxed e-con e-parent\" data-id=\"47f5d2ea\" data-element_type=\"container\" data-e-type=\"container\">\n\t\t\t\t\t<div class=\"e-con-inner\">\n\t\t\t\t<div class=\"elementor-element elementor-element-370a30a elementor-widget elementor-widget-heading\" data-id=\"370a30a\" data-element_type=\"widget\" data-e-type=\"widget\" data-widget_type=\"heading.default\">\n\t\t\t\t<div class=\"elementor-widget-container\">\n\t\t\t\t\t<h2 class=\"elementor-heading-title elementor-size-default\">Pol\u00edtica de Privacidade<\/h2>\t\t\t\t<\/div>\n\t\t\t\t<\/div>\n\t\t\t\t\t<\/div>\n\t\t\t\t<\/div>\n\t\t<div class=\"elementor-element elementor-element-f3b2f02 e-flex e-con-boxed e-con e-parent\" data-id=\"f3b2f02\" data-element_type=\"container\" data-e-type=\"container\">\n\t\t\t\t\t<div class=\"e-con-inner\">\n\t\t\t\t<div class=\"elementor-element elementor-element-da83ddb elementor-widget elementor-widget-text-editor\" data-id=\"da83ddb\" data-element_type=\"widget\" data-e-type=\"widget\" data-widget_type=\"text-editor.default\">\n\t\t\t\t<div class=\"elementor-widget-container\">\n\t\t\t\t\t\t\t\t\t<p data-start=\"102\" data-end=\"119\">QUEM SOMOS?<\/p>\n<p data-start=\"121\" data-end=\"447\">A Leodoro est\u00e1 empenhada em proteger os dados pessoais dos Clientes\/Utilizadores dos produtos e servi\u00e7os Leodoro, bem como os dados pessoais em todas as situa\u00e7\u00f5es em que sejam tratados dados pessoais. Neste contexto, elaborou a presente Pol\u00edtica, que se baseia no seu compromisso com o respeito pelas regras de prote\u00e7\u00e3o de dados pessoais. <\/p>\n<p data-start=\"449\" data-end=\"496\"><strong data-start=\"449\" data-end=\"494\">PORQU\u00ca ESTA POL\u00cdTICA DE PROTE\u00c7\u00c3O DE DADOS PESSOAIS?<\/strong><\/p>\n<p data-start=\"498\" data-end=\"845\">A presente Pol\u00edtica visa dar a conhecer aos Clientes\/Utilizadores as regras gerais de tratamento de dados pessoais, os quais s\u00e3o recolhidos e tratados no estrito cumprimento do disposto na legisla\u00e7\u00e3o de prote\u00e7\u00e3o de dados pessoais em vigor em cada momento, nomeadamente o Regulamento (UE) 2016\/679 do Parlamento Europeu e do Conselho, de 27 de abril de 2016 (\u201cRGPD\u201d).<\/p>\n<p data-start=\"847\" data-end=\"1140\">A Leodoro respeita as melhores pr\u00e1ticas no dom\u00ednio da seguran\u00e7a e prote\u00e7\u00e3o de dados pessoais, tendo adotado as medidas t\u00e9cnicas e organizativas necess\u00e1rias para dar cumprimento ao RGPD e garantir que o tratamento de dados pessoais \u00e9 l\u00edcito, leal, transparente e limitado \u00e0s finalidades autorizadas.<\/p>\n<p data-start=\"1142\" data-end=\"1409\">A Leodoro est\u00e1 empenhada na prote\u00e7\u00e3o e confidencialidade dos dados pessoais, tendo adotado as medidas que considera adequadas para assegurar a exatid\u00e3o, integridade e confidencialidade dos dados pessoais, bem como todos os demais direitos que assistem aos respetivos titulares.<\/p>\n<p data-start=\"1411\" data-end=\"1780\">As regras constantes da presente Pol\u00edtica de Prote\u00e7\u00e3o de Dados complementam as disposi\u00e7\u00f5es, em mat\u00e9ria de prote\u00e7\u00e3o e tratamento de dados pessoais, constantes dos contratos que os Clientes\/Utilizadores celebram com a Leodoro, bem como as regras constantes dos termos e condi\u00e7\u00f5es que regulam a oferta dos diversos produtos e servi\u00e7os e que se encontram devidamente publicadas no website.<\/p>\n<p data-start=\"1782\" data-end=\"1832\"><strong data-start=\"1782\" data-end=\"1830\">O QUE ABRANGE ESTA POL\u00cdTICA DE PROTE\u00c7\u00c3O DE DADOS?<\/strong><\/p>\n<p data-start=\"1834\" data-end=\"2151\">A presente Pol\u00edtica de Prote\u00e7\u00e3o de Dados aplica-se exclusivamente \u00e0 recolha e tratamento de dados pessoais cujo tratamento seja da responsabilidade da Leodoro, no \u00e2mbito dos servi\u00e7os e produtos disponibilizados aos seus Clientes\/Utilizadores e em todas as situa\u00e7\u00f5es em que haja tratamento de dados pessoais pela Leodoro.<\/p>\n<p data-start=\"2153\" data-end=\"2581\">O site da Leodoro pode incluir links para outros sites que n\u00e3o s\u00e3o propriedade sua. O fornecimento de tais links \u00e9 feito de boa-f\u00e9, n\u00e3o podendo a Leodoro ser responsabilizada pela recolha e tratamento de dados pessoais efetuados atrav\u00e9s desses sites, nem assumindo qualquer responsabilidade em rela\u00e7\u00e3o a tais sites, nomeadamente quanto \u00e0 sua exatid\u00e3o, credibilidade e funcionalidades neles disponibilizadas. <\/p>\n<p data-start=\"2583\" data-end=\"2611\"><strong data-start=\"2583\" data-end=\"2609\">O QUE S\u00c3O DADOS PESSOAIS?<\/strong><\/p>\n<p data-start=\"2613\" data-end=\"2778\">Dados pessoais s\u00e3o quaisquer informa\u00e7\u00f5es, de qualquer natureza e independentemente do respetivo suporte, incluindo som e imagem, relativas a uma pessoa singular identificada ou identific\u00e1vel.<\/p>\n<p data-start=\"2780\" data-end=\"3089\">\u00c9 considerada identific\u00e1vel a pessoa que pode ser identificada, direta ou indiretamente, em especial por refer\u00eancia a um nome, a um n\u00famero de identifica\u00e7\u00e3o, a dados de localiza\u00e7\u00e3o, a identificadores por via eletr\u00f3nica ou a um ou mais elementos espec\u00edficos da sua identidade f\u00edsica, fisiol\u00f3gica, gen\u00e9tica, mental, econ\u00f3mica, cultural ou social.<\/p>\n<p data-start=\"3091\" data-end=\"3150\"><strong data-start=\"3091\" data-end=\"3148\">EM QUE CONSISTE O TRATAMENTO DOS DADOS PESSOAIS?<\/strong><\/p>\n<p data-start=\"3152\" data-end=\"3522\">O tratamento de dados pessoais consiste numa opera\u00e7\u00e3o ou num conjunto de opera\u00e7\u00f5es efetuadas sobre dados pessoais ou conjuntos de dados pessoais, por meios automatizados ou n\u00e3o automatizados, nomeadamente a recolha, o registo, a organiza\u00e7\u00e3o, a estrutura\u00e7\u00e3o, a conserva\u00e7\u00e3o, a adapta\u00e7\u00e3o, a recupera\u00e7\u00e3o, a consulta, a utiliza\u00e7\u00e3o, a divulga\u00e7\u00e3o, difus\u00e3o, compara\u00e7\u00e3o, interconex\u00e3o, a limita\u00e7\u00e3o, o apagamento ou a destrui\u00e7\u00e3o.<\/p>\n<p data-start=\"3524\" data-end=\"3569\"><strong data-start=\"3524\" data-end=\"3567\">QUEM \u00c9 RESPONS\u00c1VEL PELO PROCESSAMENTO DE DADOS?<\/strong><\/p>\n<p data-start=\"3571\" data-end=\"3708\">A entidade respons\u00e1vel pelo tratamento dos dados pessoais \u00e9 a pr\u00f3pria Leodoro, que determina as finalidades e os meios de tratamento desses dados.<\/p>\n<p data-start=\"3710\" data-end=\"3860\">Para o efeito, caso o titular dos dados pessoais necessite de contactar o respons\u00e1vel pelo tratamento, poder\u00e1 faz\u00ea-lo atrav\u00e9s dos meios e contactos abaixo indicados:<\/p>\n<p data-start=\"3862\" data-end=\"3909\">Atrav\u00e9s do site <a class=\"\" href=\"http:\/\/www.leodororealestate.com\" target=\"_new\" rel=\"noopener\" data-start=\"3882\" data-end=\"3907\">www.leodoro.pt<\/a><\/p>\n<p data-start=\"3911\" data-end=\"3952\"><strong data-start=\"3911\" data-end=\"3950\">QUEM \u00c9 O ENCARREGADO DA PROTE\u00c7\u00c3O DE DADOS?<\/strong><\/p>\n<p data-start=\"3954\" data-end=\"4413\">O encarregado da prote\u00e7\u00e3o de dados desempenha um papel importante no tratamento de dados pessoais, garantindo, entre outros aspetos, que o tratamento de dados est\u00e1 em conformidade com a legisla\u00e7\u00e3o em vigor, verificando o cumprimento desta Pol\u00edtica de Prote\u00e7\u00e3o de Dados e definindo regras claras para o tratamento de dados pessoais, garantindo que todos aqueles que lhe confiam o tratamento dos seus dados pessoais tenham conhecimento da forma como a Leodoro os trata e dos seus direitos a este respeito.<\/p>\n<p data-start=\"4415\" data-end=\"4653\">Assim, os titulares de dados pessoais, caso pretendam, poder\u00e3o enviar uma comunica\u00e7\u00e3o ao Encarregado da Prote\u00e7\u00e3o de Dados, relativamente a assuntos relacionados com o tratamento de dados pessoais, utilizando, para o efeito, os contactos em <a class=\"\" href=\"http:\/\/www.leodororealestate.com\" target=\"_new\" rel=\"noopener\" data-start=\"4626\" data-end=\"4651\">www.leodoro.pt<\/a><\/p>\n<p data-start=\"4655\" data-end=\"4703\"><strong data-start=\"4655\" data-end=\"4701\">QUE TIPOS DE DADOS PESSOAIS S\u00c3O PROCESSADOS?<\/strong><\/p>\n<p data-start=\"4705\" data-end=\"5004\">No \u00e2mbito das suas atividades, a Leodoro procede ao tratamento de dados pessoais necess\u00e1rios \u00e0 presta\u00e7\u00e3o de servi\u00e7os e\/ou fornecimento de produtos, bem como no \u00e2mbito da interven\u00e7\u00e3o social, tratando dados como o nome, o n\u00famero de identifica\u00e7\u00e3o civil e fiscal, a morada, os contactos, o endere\u00e7o de correio eletr\u00f3nico, os dados de sa\u00fade, entre outros.<\/p>\n<p data-start=\"5006\" data-end=\"5440\">Sem preju\u00edzo do cumprimento das normas legais relativas \u00e0 conserva\u00e7\u00e3o e transmiss\u00e3o de dados para fins de investiga\u00e7\u00e3o, dete\u00e7\u00e3o e repress\u00e3o de crimes graves, bem como a outras entidades p\u00fablicas (como a autoridade tribut\u00e1ria), os dados pessoais recolhidos poder\u00e3o ser comunicados a terceiros, quando exista obriga\u00e7\u00e3o legal ou interesse leg\u00edtimo da Leodoro, ou quando o titular dos dados tenha prestado o seu consentimento.<\/p>\n<p data-start=\"5442\" data-end=\"5494\"><strong data-start=\"5442\" data-end=\"5492\">QUANDO E COMO RECOLHEMOS OS SEUS DADOS PESSOAIS?<\/strong><\/p>\n<p data-start=\"5496\" data-end=\"5676\">A Leodoro recolhe os seus dados pessoais, nomeadamente por via telef\u00f3nica, por escrito, atrav\u00e9s do seu website, assegurando, sempre que necess\u00e1rio, o pr\u00e9vio consentimento do titular dos dados pessoais.<\/p>\n<p data-start=\"5678\" data-end=\"5856\">Alguns dados pessoais s\u00e3o essenciais para a presta\u00e7\u00e3o dos servi\u00e7os e, em caso de aus\u00eancia ou insufici\u00eancia dos mesmos, a Leodoro n\u00e3o poder\u00e1 prestar o servi\u00e7o em causa.<\/p>\n<p data-start=\"5858\" data-end=\"6077\">Caso o titular dos dados pessoais n\u00e3o seja um Cliente\/Utilizador Leodoro, os respetivos dados pessoais apenas ser\u00e3o tratados quando forem disponibilizados, nomeadamente com o seu consentimento ou se existir um interesse leg\u00edtimo da Leodoro.<\/p>\n<p data-start=\"6079\" data-end=\"6479\">Os dados pessoais recolhidos poder\u00e3o ser tratados eletronicamente e de forma automatizada ou n\u00e3o automatizada, garantindo em todos os casos o estrito cumprimento da legisla\u00e7\u00e3o de prote\u00e7\u00e3o de dados pessoais, sendo armazenados em bases de dados espec\u00edficas, criadas para o efeito e, em nenhuma situa\u00e7\u00e3o, os dados recolhidos ser\u00e3o utilizados para finalidade diversa daquela para a qual foram recolhidos ou consentidos pelo titular dos dados.<\/p>\n<p data-start=\"6481\" data-end=\"6537\"><strong data-start=\"6481\" data-end=\"6535\">QUAIS AS FINALIDADES DO PROCESSAMENTO DE DADOS PESSOAIS?<\/strong><\/p>\n<p data-start=\"6539\" data-end=\"6950\">Em geral, os dados pessoais recolhidos destinam-se \u00e0 gest\u00e3o da rela\u00e7\u00e3o contratual, \u00e0 presta\u00e7\u00e3o dos servi\u00e7os contratados, \u00e0 adapta\u00e7\u00e3o dos servi\u00e7os \u00e0s necessidades e interesses do Cliente\/Utilizador, nomeadamente para efeitos de acesso a funcionalidades espec\u00edficas dos servi\u00e7os, sugest\u00f5es de conte\u00fados, informa\u00e7\u00f5es e marketing sobre os pr\u00f3prios servi\u00e7os, bem como \u00e0 inclus\u00e3o em listas de contactos.<\/p>\n<p data-start=\"6952\" data-end=\"7109\">No entanto, as informa\u00e7\u00f5es pessoais poder\u00e3o ser disponibilizadas para outros fins, caso em que ser\u00e3o fornecidas informa\u00e7\u00f5es espec\u00edficas no momento da recolha dos dados.<\/p>\n<p data-start=\"7111\" data-end=\"7156\"><strong data-start=\"7111\" data-end=\"7154\">DURANTE QUANTO TEMPO MANTEMOS OS SEUS DADOS PESSOAIS?<\/strong><\/p>\n<p data-start=\"7158\" data-end=\"7635\">O per\u00edodo de tempo durante o qual os dados pessoais s\u00e3o armazenados e conservados varia de acordo com a finalidade para a qual a informa\u00e7\u00e3o \u00e9 tratada. De facto, existem requisitos legais que nos obrigam a conservar os dados por um per\u00edodo m\u00ednimo. Assim, e sempre que n\u00e3o exista uma exig\u00eancia legal espec\u00edfica, os dados ser\u00e3o armazenados e conservados apenas pelo per\u00edodo necess\u00e1rio para as finalidades que motivaram a sua recolha ou o seu posterior tratamento, nos termos definidos por lei.  <\/p>\n<p data-start=\"7637\" data-end=\"7676\"><strong data-start=\"7637\" data-end=\"7674\">QUAIS OS SEUS DIREITOS COMO TITULAR?<\/strong><\/p>\n<p data-start=\"7678\" data-end=\"8138\">Enquanto titulares de dados pessoais, \u00e9 garantido aos Clientes\/Utilizadores, a qualquer momento, o direito de acesso, retifica\u00e7\u00e3o, atualiza\u00e7\u00e3o, limita\u00e7\u00e3o e apagamento dos seus dados pessoais (exceto quando os dados sejam indispens\u00e1veis \u200b\u200b\u00e0 presta\u00e7\u00e3o dos servi\u00e7os pela Leodoro), o direito de oposi\u00e7\u00e3o \u00e0 utiliza\u00e7\u00e3o dos mesmos para fins comerciais pela Leodoro e de retirada do consentimento, sem que tal comprometa a licitude do tratamento efetuado ao abrigo do referido consentimento, bem como o direito \u00e0 portabilidade dos dados.<\/p>\n<p data-start=\"8140\" data-end=\"8210\"><strong data-start=\"8140\" data-end=\"8208\">COMO SE PODE OPOR AO RECEBIMENTO DE CONTACTOS PARA FINS DE MARKETING?<\/strong><\/p>\n<p data-start=\"8212\" data-end=\"8456\">A Leodoro poder\u00e1 promover a\u00e7\u00f5es de divulga\u00e7\u00e3o de novos produtos ou servi\u00e7os aos seus Clientes\/Utilizadores, nomeadamente atrav\u00e9s de telefone, correio eletr\u00f3nico, SMS ou qualquer outro servi\u00e7o de comunica\u00e7\u00e3o eletr\u00f3nica, salvo se o Cliente\/Utilizador se tiver oposto no momento da recolha dos dados.<\/p>\n<p data-start=\"8458\" data-end=\"8669\">Caso n\u00e3o pretenda receber estas comunica\u00e7\u00f5es, poder\u00e1 opor-se, a qualquer momento, \u00e0 utiliza\u00e7\u00e3o dos seus dados para fins de marketing, para o envio de comunica\u00e7\u00f5es informativas, mediante pedido escrito dirigido \u00e0 Leodoro.<\/p>\n<p data-start=\"8671\" data-end=\"8755\"><strong data-start=\"8671\" data-end=\"8753\">COMO PODE FICAR INFORMADO SOBRE QUAISQUER ALTERA\u00c7\u00d5ES \u00c0 POL\u00cdTICA DE PROTE\u00c7\u00c3O DE DADOS PESSOAIS?<\/strong><\/p>\n<p data-start=\"8757\" data-end=\"8926\">A Leodoro reserva-se o direito de, a qualquer momento, proceder a ajustes ou altera\u00e7\u00f5es \u00e0 presente Pol\u00edtica de Prote\u00e7\u00e3o de Dados Pessoais, sendo tais altera\u00e7\u00f5es devidamente divulgadas no seu website.<\/p>\t\t\t\t\t\t\t\t<\/div>\n\t\t\t\t<\/div>\n\t\t\t\t\t<\/div>\n\t\t\t\t<\/div>\n\t\t\t\t<\/div>\n\t\t","protected":false},"excerpt":{"rendered":"<p>Pol\u00edtica de Privacidade QUEM SOMOS? A Leodoro est\u00e1 empenhada em proteger os dados pessoais dos Clientes\/Utilizadores dos produtos e servi\u00e7os Leodoro, bem como os dados pessoais em todas as situa\u00e7\u00f5es em que sejam tratados dados pessoais. Neste contexto, elaborou a presente Pol\u00edtica, que se baseia no seu compromisso com o respeito pelas regras de prote\u00e7\u00e3o [&hellip;]<\/p>\n","protected":false},"author":1,"featured_media":0,"parent":0,"menu_order":0,"comment_status":"closed","ping_status":"open","template":"","meta":{"footnotes":""},"class_list":["post-3767","page","type-page","status-publish","hentry"],"yoast_head":"<!-- This site is optimized with the Yoast SEO plugin v27.4 - https:\/\/yoast.com\/product\/yoast-seo-wordpress\/ -->\n<title>Pol\u00edtica de Privacidade - Leodoro<\/title>\n<meta name=\"description\" content=\"A sua privacidade \u00e9 importante para n\u00f3s. Saiba como lidamos com os seus dados de forma segura e respons\u00e1vel na nossa Pol\u00edtica de Privacidade.\" \/>\n<meta name=\"robots\" content=\"index, follow, max-snippet:-1, max-image-preview:large, max-video-preview:-1\" \/>\n<link rel=\"canonical\" href=\"https:\/\/www.leodoro.pt\/pt-pt\/politica-de-privacidade\/\" \/>\n<meta property=\"og:locale\" content=\"pt_PT\" \/>\n<meta property=\"og:type\" content=\"article\" \/>\n<meta property=\"og:title\" content=\"Pol\u00edtica de Privacidade - Leodoro\" \/>\n<meta property=\"og:description\" content=\"A sua privacidade \u00e9 importante para n\u00f3s. Saiba como lidamos com os seus dados de forma segura e respons\u00e1vel na nossa Pol\u00edtica de Privacidade.\" \/>\n<meta property=\"og:url\" content=\"https:\/\/www.leodoro.pt\/pt-pt\/politica-de-privacidade\/\" \/>\n<meta property=\"og:site_name\" content=\"Leodoro\" \/>\n<meta property=\"article:modified_time\" content=\"2025-10-06T11:45:18+00:00\" \/>\n<meta name=\"twitter:card\" content=\"summary_large_image\" \/>\n<meta name=\"twitter:label1\" content=\"Tempo estimado de leitura\" \/>\n\t<meta name=\"twitter:data1\" content=\"8 minutos\" \/>\n<script type=\"application\/ld+json\" class=\"yoast-schema-graph\">{\"@context\":\"https:\\\/\\\/schema.org\",\"@graph\":[{\"@type\":\"WebPage\",\"@id\":\"https:\\\/\\\/www.leodoro.pt\\\/pt-pt\\\/politica-de-privacidade\\\/\",\"url\":\"https:\\\/\\\/www.leodoro.pt\\\/pt-pt\\\/politica-de-privacidade\\\/\",\"name\":\"Pol\u00edtica de Privacidade - Leodoro\",\"isPartOf\":{\"@id\":\"https:\\\/\\\/www.leodoro.pt\\\/#website\"},\"datePublished\":\"2025-06-16T15:32:44+00:00\",\"dateModified\":\"2025-10-06T11:45:18+00:00\",\"description\":\"A sua privacidade \u00e9 importante para n\u00f3s. Saiba como lidamos com os seus dados de forma segura e respons\u00e1vel na nossa Pol\u00edtica de Privacidade.\",\"breadcrumb\":{\"@id\":\"https:\\\/\\\/www.leodoro.pt\\\/pt-pt\\\/politica-de-privacidade\\\/#breadcrumb\"},\"inLanguage\":\"pt-PT\",\"potentialAction\":[{\"@type\":\"ReadAction\",\"target\":[\"https:\\\/\\\/www.leodoro.pt\\\/pt-pt\\\/politica-de-privacidade\\\/\"]}]},{\"@type\":\"BreadcrumbList\",\"@id\":\"https:\\\/\\\/www.leodoro.pt\\\/pt-pt\\\/politica-de-privacidade\\\/#breadcrumb\",\"itemListElement\":[{\"@type\":\"ListItem\",\"position\":1,\"name\":\"Home\",\"item\":\"https:\\\/\\\/www.leodoro.pt\\\/pt-pt\\\/leodoro\\\/\"},{\"@type\":\"ListItem\",\"position\":2,\"name\":\"Pol\u00edtica de Privacidade\"}]},{\"@type\":\"WebSite\",\"@id\":\"https:\\\/\\\/www.leodoro.pt\\\/#website\",\"url\":\"https:\\\/\\\/www.leodoro.pt\\\/\",\"name\":\"Leodoro\",\"description\":\"Leodoro\",\"publisher\":{\"@id\":\"https:\\\/\\\/www.leodoro.pt\\\/#organization\"},\"potentialAction\":[{\"@type\":\"SearchAction\",\"target\":{\"@type\":\"EntryPoint\",\"urlTemplate\":\"https:\\\/\\\/www.leodoro.pt\\\/?s={search_term_string}\"},\"query-input\":{\"@type\":\"PropertyValueSpecification\",\"valueRequired\":true,\"valueName\":\"search_term_string\"}}],\"inLanguage\":\"pt-PT\"},{\"@type\":\"Organization\",\"@id\":\"https:\\\/\\\/www.leodoro.pt\\\/#organization\",\"name\":\"Leodoro\",\"url\":\"https:\\\/\\\/www.leodoro.pt\\\/\",\"logo\":{\"@type\":\"ImageObject\",\"inLanguage\":\"pt-PT\",\"@id\":\"https:\\\/\\\/www.leodoro.pt\\\/#\\\/schema\\\/logo\\\/image\\\/\",\"url\":\"https:\\\/\\\/www.leodoro.pt\\\/wp-content\\\/uploads\\\/2025\\\/08\\\/Leodoro_LogoNEW_Zeichenflache-1-copy-e1755982045309.png\",\"contentUrl\":\"https:\\\/\\\/www.leodoro.pt\\\/wp-content\\\/uploads\\\/2025\\\/08\\\/Leodoro_LogoNEW_Zeichenflache-1-copy-e1755982045309.png\",\"width\":842,\"height\":379,\"caption\":\"Leodoro\"},\"image\":{\"@id\":\"https:\\\/\\\/www.leodoro.pt\\\/#\\\/schema\\\/logo\\\/image\\\/\"}}]}<\/script>\n<!-- \/ Yoast SEO plugin. -->","yoast_head_json":{"title":"Pol\u00edtica de Privacidade - Leodoro","description":"A sua privacidade \u00e9 importante para n\u00f3s. Saiba como lidamos com os seus dados de forma segura e respons\u00e1vel na nossa Pol\u00edtica de Privacidade.","robots":{"index":"index","follow":"follow","max-snippet":"max-snippet:-1","max-image-preview":"max-image-preview:large","max-video-preview":"max-video-preview:-1"},"canonical":"https:\/\/www.leodoro.pt\/pt-pt\/politica-de-privacidade\/","og_locale":"pt_PT","og_type":"article","og_title":"Pol\u00edtica de Privacidade - Leodoro","og_description":"A sua privacidade \u00e9 importante para n\u00f3s. Saiba como lidamos com os seus dados de forma segura e respons\u00e1vel na nossa Pol\u00edtica de Privacidade.","og_url":"https:\/\/www.leodoro.pt\/pt-pt\/politica-de-privacidade\/","og_site_name":"Leodoro","article_modified_time":"2025-10-06T11:45:18+00:00","twitter_card":"summary_large_image","twitter_misc":{"Tempo estimado de leitura":"8 minutos"},"schema":{"@context":"https:\/\/schema.org","@graph":[{"@type":"WebPage","@id":"https:\/\/www.leodoro.pt\/pt-pt\/politica-de-privacidade\/","url":"https:\/\/www.leodoro.pt\/pt-pt\/politica-de-privacidade\/","name":"Pol\u00edtica de Privacidade - Leodoro","isPartOf":{"@id":"https:\/\/www.leodoro.pt\/#website"},"datePublished":"2025-06-16T15:32:44+00:00","dateModified":"2025-10-06T11:45:18+00:00","description":"A sua privacidade \u00e9 importante para n\u00f3s. Saiba como lidamos com os seus dados de forma segura e respons\u00e1vel na nossa Pol\u00edtica de Privacidade.","breadcrumb":{"@id":"https:\/\/www.leodoro.pt\/pt-pt\/politica-de-privacidade\/#breadcrumb"},"inLanguage":"pt-PT","potentialAction":[{"@type":"ReadAction","target":["https:\/\/www.leodoro.pt\/pt-pt\/politica-de-privacidade\/"]}]},{"@type":"BreadcrumbList","@id":"https:\/\/www.leodoro.pt\/pt-pt\/politica-de-privacidade\/#breadcrumb","itemListElement":[{"@type":"ListItem","position":1,"name":"Home","item":"https:\/\/www.leodoro.pt\/pt-pt\/leodoro\/"},{"@type":"ListItem","position":2,"name":"Pol\u00edtica de Privacidade"}]},{"@type":"WebSite","@id":"https:\/\/www.leodoro.pt\/#website","url":"https:\/\/www.leodoro.pt\/","name":"Leodoro","description":"Leodoro","publisher":{"@id":"https:\/\/www.leodoro.pt\/#organization"},"potentialAction":[{"@type":"SearchAction","target":{"@type":"EntryPoint","urlTemplate":"https:\/\/www.leodoro.pt\/?s={search_term_string}"},"query-input":{"@type":"PropertyValueSpecification","valueRequired":true,"valueName":"search_term_string"}}],"inLanguage":"pt-PT"},{"@type":"Organization","@id":"https:\/\/www.leodoro.pt\/#organization","name":"Leodoro","url":"https:\/\/www.leodoro.pt\/","logo":{"@type":"ImageObject","inLanguage":"pt-PT","@id":"https:\/\/www.leodoro.pt\/#\/schema\/logo\/image\/","url":"https:\/\/www.leodoro.pt\/wp-content\/uploads\/2025\/08\/Leodoro_LogoNEW_Zeichenflache-1-copy-e1755982045309.png","contentUrl":"https:\/\/www.leodoro.pt\/wp-content\/uploads\/2025\/08\/Leodoro_LogoNEW_Zeichenflache-1-copy-e1755982045309.png","width":842,"height":379,"caption":"Leodoro"},"image":{"@id":"https:\/\/www.leodoro.pt\/#\/schema\/logo\/image\/"}}]}},"_links":{"self":[{"href":"https:\/\/www.leodoro.pt\/pt-pt\/wp-json\/wp\/v2\/pages\/3767","targetHints":{"allow":["GET"]}}],"collection":[{"href":"https:\/\/www.leodoro.pt\/pt-pt\/wp-json\/wp\/v2\/pages"}],"about":[{"href":"https:\/\/www.leodoro.pt\/pt-pt\/wp-json\/wp\/v2\/types\/page"}],"author":[{"embeddable":true,"href":"https:\/\/www.leodoro.pt\/pt-pt\/wp-json\/wp\/v2\/users\/1"}],"replies":[{"embeddable":true,"href":"https:\/\/www.leodoro.pt\/pt-pt\/wp-json\/wp\/v2\/comments?post=3767"}],"version-history":[{"count":1,"href":"https:\/\/www.leodoro.pt\/pt-pt\/wp-json\/wp\/v2\/pages\/3767\/revisions"}],"predecessor-version":[{"id":3768,"href":"https:\/\/www.leodoro.pt\/pt-pt\/wp-json\/wp\/v2\/pages\/3767\/revisions\/3768"}],"wp:attachment":[{"href":"https:\/\/www.leodoro.pt\/pt-pt\/wp-json\/wp\/v2\/media?parent=3767"}],"curies":[{"name":"wp","href":"https:\/\/api.w.org\/{rel}","templated":true}]}}