{"id":3757,"date":"2025-07-09T10:34:31","date_gmt":"2025-07-09T10:34:31","guid":{"rendered":"https:\/\/www.leodoro.pt\/cookies\/"},"modified":"2025-10-06T11:43:05","modified_gmt":"2025-10-06T11:43:05","slug":"cookies","status":"publish","type":"page","link":"https:\/\/www.leodoro.pt\/pt-pt\/cookies\/","title":{"rendered":"Cookies"},"content":{"rendered":"<style>.elementor-3757 .elementor-element.elementor-element-582ff92{--display:flex;--margin-top:80px;--margin-bottom:0px;--margin-left:0px;--margin-right:0px;}.elementor-3757 .elementor-element.elementor-element-2ce9c64{--display:flex;--flex-direction:column;--container-widget-width:100%;--container-widget-height:initial;--container-widget-flex-grow:0;--container-widget-align-self:initial;--flex-wrap-mobile:wrap;}.elementor-3757 .elementor-element.elementor-element-9987145{font-family:var( --e-global-typography-text-font-family ), Sans-serif;font-size:var( --e-global-typography-text-font-size );font-weight:var( --e-global-typography-text-font-weight );font-style:var( --e-global-typography-text-font-style );text-decoration:var( --e-global-typography-text-text-decoration );color:var( --e-global-color-text );}@media(max-width:1024px){.elementor-3757 .elementor-element.elementor-element-9987145{font-size:var( --e-global-typography-text-font-size );}}@media(max-width:767px){.elementor-3757 .elementor-element.elementor-element-9987145{font-size:var( --e-global-typography-text-font-size );}}<\/style>\t\t<div data-elementor-type=\"wp-page\" data-elementor-id=\"3757\" class=\"elementor elementor-3757 elementor-187\" data-elementor-post-type=\"page\">\n\t\t\t\t<div class=\"elementor-element elementor-element-582ff92 e-flex e-con-boxed e-con e-parent\" data-id=\"582ff92\" data-element_type=\"container\" data-e-type=\"container\">\n\t\t\t\t\t<div class=\"e-con-inner\">\n\t\t\t\t<div class=\"elementor-element elementor-element-dda2b44 elementor-widget elementor-widget-heading\" data-id=\"dda2b44\" data-element_type=\"widget\" data-e-type=\"widget\" data-widget_type=\"heading.default\">\n\t\t\t\t<div class=\"elementor-widget-container\">\n\t\t\t\t\t<h2 class=\"elementor-heading-title elementor-size-default\">Cookies<\/h2>\t\t\t\t<\/div>\n\t\t\t\t<\/div>\n\t\t\t\t\t<\/div>\n\t\t\t\t<\/div>\n\t\t<div class=\"elementor-element elementor-element-2ce9c64 e-flex e-con-boxed e-con e-parent\" data-id=\"2ce9c64\" data-element_type=\"container\" data-e-type=\"container\">\n\t\t\t\t\t<div class=\"e-con-inner\">\n\t\t\t\t<div class=\"elementor-element elementor-element-9987145 elementor-widget elementor-widget-text-editor\" data-id=\"9987145\" data-element_type=\"widget\" data-e-type=\"widget\" data-widget_type=\"text-editor.default\">\n\t\t\t\t<div class=\"elementor-widget-container\">\n\t\t\t\t\t\t\t\t\t<p><strong>O que s\u00e3o cookies?<\/strong><\/p><p>\u201cCookies\u201d s\u00e3o pequenas etiquetas de software que s\u00e3o armazenadas nos equipamentos de acesso atrav\u00e9s do navegador (browser), retendo apenas informa\u00e7\u00e3o relacionada com as prefer\u00eancias, n\u00e3o incluindo dados pessoais.<\/p><p><strong>Para que servem os cookies?<\/strong><\/p><p>Os cookies servem para ajudar a determinar a utilidade, o interesse e o n\u00famero de sites, permitindo uma navega\u00e7\u00e3o mais r\u00e1pida e eficiente, eliminando a necessidade de introduzir repetidamente a mesma informa\u00e7\u00e3o.<\/p><p><strong>Que tipos de cookies existem?<\/strong><\/p><p>Existem dois grupos de cookies que podem ser utilizados:<\/p><p><strong>Cookies permanentes<\/strong> &#8211; S\u00e3o cookies que ficam armazenados ao n\u00edvel do navegador de internet (browser) nos equipamentos de acesso (PC, Mobile e Tablet) e que s\u00e3o utilizados sempre que se realiza uma nova visita ao website Leodoro.pt. S\u00e3o geralmente utilizados para direcionar a navega\u00e7\u00e3o para os interesses do utilizador, permitindo prestar um servi\u00e7o mais personalizado.<\/p><p><strong>Cookies de sess\u00e3o<\/strong> &#8211; S\u00e3o cookies tempor\u00e1rios que permanecem no ficheiro de cookies do browser at\u00e9 sair do site. A informa\u00e7\u00e3o obtida por estes cookies serve para analisar padr\u00f5es de tr\u00e1fego na web, permitindo identificar problemas e proporcionar uma melhor experi\u00eancia de navega\u00e7\u00e3o.<\/p><p><strong>Por que raz\u00e3o usamos cookies?<\/strong><\/p><p>Cookies estritamente necess\u00e1rios &#8211; permitem a navega\u00e7\u00e3o no site e a utiliza\u00e7\u00e3o das suas aplica\u00e7\u00f5es, bem como o acesso a \u00e1reas seguras do site. Sem estes cookies, os servi\u00e7os necess\u00e1rios n\u00e3o podem ser prestados.<\/p><p><strong>Cookies anal\u00edticos<\/strong> &#8211; s\u00e3o utilizados anonimamente para efeitos de cria\u00e7\u00e3o e an\u00e1lise de estat\u00edsticas, no sentido de melhorar o funcionamento do website.<\/p><p><strong>Cookies de funcionalidade<\/strong> &#8211; guardam as prefer\u00eancias do utilizador relativamente \u00e0 utiliza\u00e7\u00e3o do site, para que n\u00e3o seja necess\u00e1rio voltar a configurar o site cada vez que o visita.<\/p><p><strong>Cookies de terceiros<\/strong> &#8211; medem o sucesso das aplica\u00e7\u00f5es e a efic\u00e1cia da publicidade de terceiros. Tamb\u00e9m podem ser utilizados para personalizar um widget com dados do utilizador.<\/p><p><strong>Cookies de publicidade<\/strong> &#8211; direcionam a publicidade em fun\u00e7\u00e3o dos interesses de cada utilizador, por forma a direcionar as campanhas publicit\u00e1rias tendo em conta os gostos dos utilizadores, sendo que, al\u00e9m disso, limitam a quantidade de vezes que visualizam o an\u00fancio, ajudando a medir a efic\u00e1cia da publicidade e o sucesso da organiza\u00e7\u00e3o do website.<\/p><p><strong>Como pode gerir os cookies?<\/strong><\/p><p>Todos os navegadores permitem ao utilizador aceitar, recusar ou apagar cookies, e ainda informar o utilizador sempre que um cookie \u00e9 recebido, nomeadamente atrav\u00e9s da sele\u00e7\u00e3o das defini\u00e7\u00f5es apropriadas no respetivo navegador. O utilizador pode configurar os cookies no menu &#8220;Op\u00e7\u00f5es&#8221; ou &#8220;Prefer\u00eancias&#8221; do seu browser.<\/p><p>Note, no entanto, que a desativa\u00e7\u00e3o dos cookies pode impedir que alguns servi\u00e7os web funcionem corretamente, afetando parcial ou totalmente a navega\u00e7\u00e3o no site.<\/p>\t\t\t\t\t\t\t\t<\/div>\n\t\t\t\t<\/div>\n\t\t\t\t\t<\/div>\n\t\t\t\t<\/div>\n\t\t\t\t<\/div>\n\t\t","protected":false},"excerpt":{"rendered":"<p>Cookies O que s\u00e3o cookies? \u201cCookies\u201d s\u00e3o pequenas etiquetas de software que s\u00e3o armazenadas nos equipamentos de acesso atrav\u00e9s do navegador (browser), retendo apenas informa\u00e7\u00e3o relacionada com as prefer\u00eancias, n\u00e3o incluindo dados pessoais. Para que servem os cookies? Os cookies servem para ajudar a determinar a utilidade, o interesse e o n\u00famero de sites, permitindo [&hellip;]<\/p>\n","protected":false},"author":2,"featured_media":0,"parent":0,"menu_order":0,"comment_status":"closed","ping_status":"closed","template":"","meta":{"footnotes":""},"class_list":["post-3757","page","type-page","status-publish","hentry"],"yoast_head":"<!-- This site is optimized with the Yoast SEO plugin v27.4 - https:\/\/yoast.com\/product\/yoast-seo-wordpress\/ -->\n<title>Cookies - Leodoro<\/title>\n<meta name=\"description\" content=\"O que s\u00e3o cookies? \u201cCookies\u201d s\u00e3o pequenas etiquetas de software que s\u00e3o armazenadas nos equipamentos de acesso atrav\u00e9s do navegador (browser), retendo apenas as prefer\u00eancias...\" \/>\n<meta name=\"robots\" content=\"index, follow, max-snippet:-1, max-image-preview:large, max-video-preview:-1\" \/>\n<link rel=\"canonical\" href=\"https:\/\/www.leodoro.pt\/pt-pt\/cookies\/\" \/>\n<meta property=\"og:locale\" content=\"pt_PT\" \/>\n<meta property=\"og:type\" content=\"article\" \/>\n<meta property=\"og:title\" content=\"Cookies - Leodoro\" \/>\n<meta property=\"og:description\" content=\"O que s\u00e3o cookies? \u201cCookies\u201d s\u00e3o pequenas etiquetas de software que s\u00e3o armazenadas nos equipamentos de acesso atrav\u00e9s do navegador (browser), retendo apenas as prefer\u00eancias...\" \/>\n<meta property=\"og:url\" content=\"https:\/\/www.leodoro.pt\/pt-pt\/cookies\/\" \/>\n<meta property=\"og:site_name\" content=\"Leodoro\" \/>\n<meta property=\"article:modified_time\" content=\"2025-10-06T11:43:05+00:00\" \/>\n<meta name=\"twitter:card\" content=\"summary_large_image\" \/>\n<meta name=\"twitter:label1\" content=\"Tempo estimado de leitura\" \/>\n\t<meta name=\"twitter:data1\" content=\"2 minutos\" \/>\n<script type=\"application\/ld+json\" class=\"yoast-schema-graph\">{\"@context\":\"https:\\\/\\\/schema.org\",\"@graph\":[{\"@type\":\"WebPage\",\"@id\":\"https:\\\/\\\/www.leodoro.pt\\\/pt-pt\\\/cookies\\\/\",\"url\":\"https:\\\/\\\/www.leodoro.pt\\\/pt-pt\\\/cookies\\\/\",\"name\":\"Cookies - Leodoro\",\"isPartOf\":{\"@id\":\"https:\\\/\\\/www.leodoro.pt\\\/#website\"},\"datePublished\":\"2025-07-09T10:34:31+00:00\",\"dateModified\":\"2025-10-06T11:43:05+00:00\",\"description\":\"O que s\u00e3o cookies? \u201cCookies\u201d s\u00e3o pequenas etiquetas de software que s\u00e3o armazenadas nos equipamentos de acesso atrav\u00e9s do navegador (browser), retendo apenas as prefer\u00eancias...\",\"breadcrumb\":{\"@id\":\"https:\\\/\\\/www.leodoro.pt\\\/pt-pt\\\/cookies\\\/#breadcrumb\"},\"inLanguage\":\"pt-PT\",\"potentialAction\":[{\"@type\":\"ReadAction\",\"target\":[\"https:\\\/\\\/www.leodoro.pt\\\/pt-pt\\\/cookies\\\/\"]}]},{\"@type\":\"BreadcrumbList\",\"@id\":\"https:\\\/\\\/www.leodoro.pt\\\/pt-pt\\\/cookies\\\/#breadcrumb\",\"itemListElement\":[{\"@type\":\"ListItem\",\"position\":1,\"name\":\"Home\",\"item\":\"https:\\\/\\\/www.leodoro.pt\\\/pt-pt\\\/leodoro\\\/\"},{\"@type\":\"ListItem\",\"position\":2,\"name\":\"Cookies\"}]},{\"@type\":\"WebSite\",\"@id\":\"https:\\\/\\\/www.leodoro.pt\\\/#website\",\"url\":\"https:\\\/\\\/www.leodoro.pt\\\/\",\"name\":\"Leodoro\",\"description\":\"Leodoro\",\"publisher\":{\"@id\":\"https:\\\/\\\/www.leodoro.pt\\\/#organization\"},\"potentialAction\":[{\"@type\":\"SearchAction\",\"target\":{\"@type\":\"EntryPoint\",\"urlTemplate\":\"https:\\\/\\\/www.leodoro.pt\\\/?s={search_term_string}\"},\"query-input\":{\"@type\":\"PropertyValueSpecification\",\"valueRequired\":true,\"valueName\":\"search_term_string\"}}],\"inLanguage\":\"pt-PT\"},{\"@type\":\"Organization\",\"@id\":\"https:\\\/\\\/www.leodoro.pt\\\/#organization\",\"name\":\"Leodoro\",\"url\":\"https:\\\/\\\/www.leodoro.pt\\\/\",\"logo\":{\"@type\":\"ImageObject\",\"inLanguage\":\"pt-PT\",\"@id\":\"https:\\\/\\\/www.leodoro.pt\\\/#\\\/schema\\\/logo\\\/image\\\/\",\"url\":\"https:\\\/\\\/www.leodoro.pt\\\/wp-content\\\/uploads\\\/2025\\\/08\\\/Leodoro_LogoNEW_Zeichenflache-1-copy-e1755982045309.png\",\"contentUrl\":\"https:\\\/\\\/www.leodoro.pt\\\/wp-content\\\/uploads\\\/2025\\\/08\\\/Leodoro_LogoNEW_Zeichenflache-1-copy-e1755982045309.png\",\"width\":842,\"height\":379,\"caption\":\"Leodoro\"},\"image\":{\"@id\":\"https:\\\/\\\/www.leodoro.pt\\\/#\\\/schema\\\/logo\\\/image\\\/\"}}]}<\/script>\n<!-- \/ Yoast SEO plugin. -->","yoast_head_json":{"title":"Cookies - Leodoro","description":"O que s\u00e3o cookies? \u201cCookies\u201d s\u00e3o pequenas etiquetas de software que s\u00e3o armazenadas nos equipamentos de acesso atrav\u00e9s do navegador (browser), retendo apenas as prefer\u00eancias...","robots":{"index":"index","follow":"follow","max-snippet":"max-snippet:-1","max-image-preview":"max-image-preview:large","max-video-preview":"max-video-preview:-1"},"canonical":"https:\/\/www.leodoro.pt\/pt-pt\/cookies\/","og_locale":"pt_PT","og_type":"article","og_title":"Cookies - Leodoro","og_description":"O que s\u00e3o cookies? \u201cCookies\u201d s\u00e3o pequenas etiquetas de software que s\u00e3o armazenadas nos equipamentos de acesso atrav\u00e9s do navegador (browser), retendo apenas as prefer\u00eancias...","og_url":"https:\/\/www.leodoro.pt\/pt-pt\/cookies\/","og_site_name":"Leodoro","article_modified_time":"2025-10-06T11:43:05+00:00","twitter_card":"summary_large_image","twitter_misc":{"Tempo estimado de leitura":"2 minutos"},"schema":{"@context":"https:\/\/schema.org","@graph":[{"@type":"WebPage","@id":"https:\/\/www.leodoro.pt\/pt-pt\/cookies\/","url":"https:\/\/www.leodoro.pt\/pt-pt\/cookies\/","name":"Cookies - Leodoro","isPartOf":{"@id":"https:\/\/www.leodoro.pt\/#website"},"datePublished":"2025-07-09T10:34:31+00:00","dateModified":"2025-10-06T11:43:05+00:00","description":"O que s\u00e3o cookies? \u201cCookies\u201d s\u00e3o pequenas etiquetas de software que s\u00e3o armazenadas nos equipamentos de acesso atrav\u00e9s do navegador (browser), retendo apenas as prefer\u00eancias...","breadcrumb":{"@id":"https:\/\/www.leodoro.pt\/pt-pt\/cookies\/#breadcrumb"},"inLanguage":"pt-PT","potentialAction":[{"@type":"ReadAction","target":["https:\/\/www.leodoro.pt\/pt-pt\/cookies\/"]}]},{"@type":"BreadcrumbList","@id":"https:\/\/www.leodoro.pt\/pt-pt\/cookies\/#breadcrumb","itemListElement":[{"@type":"ListItem","position":1,"name":"Home","item":"https:\/\/www.leodoro.pt\/pt-pt\/leodoro\/"},{"@type":"ListItem","position":2,"name":"Cookies"}]},{"@type":"WebSite","@id":"https:\/\/www.leodoro.pt\/#website","url":"https:\/\/www.leodoro.pt\/","name":"Leodoro","description":"Leodoro","publisher":{"@id":"https:\/\/www.leodoro.pt\/#organization"},"potentialAction":[{"@type":"SearchAction","target":{"@type":"EntryPoint","urlTemplate":"https:\/\/www.leodoro.pt\/?s={search_term_string}"},"query-input":{"@type":"PropertyValueSpecification","valueRequired":true,"valueName":"search_term_string"}}],"inLanguage":"pt-PT"},{"@type":"Organization","@id":"https:\/\/www.leodoro.pt\/#organization","name":"Leodoro","url":"https:\/\/www.leodoro.pt\/","logo":{"@type":"ImageObject","inLanguage":"pt-PT","@id":"https:\/\/www.leodoro.pt\/#\/schema\/logo\/image\/","url":"https:\/\/www.leodoro.pt\/wp-content\/uploads\/2025\/08\/Leodoro_LogoNEW_Zeichenflache-1-copy-e1755982045309.png","contentUrl":"https:\/\/www.leodoro.pt\/wp-content\/uploads\/2025\/08\/Leodoro_LogoNEW_Zeichenflache-1-copy-e1755982045309.png","width":842,"height":379,"caption":"Leodoro"},"image":{"@id":"https:\/\/www.leodoro.pt\/#\/schema\/logo\/image\/"}}]}},"_links":{"self":[{"href":"https:\/\/www.leodoro.pt\/pt-pt\/wp-json\/wp\/v2\/pages\/3757","targetHints":{"allow":["GET"]}}],"collection":[{"href":"https:\/\/www.leodoro.pt\/pt-pt\/wp-json\/wp\/v2\/pages"}],"about":[{"href":"https:\/\/www.leodoro.pt\/pt-pt\/wp-json\/wp\/v2\/types\/page"}],"author":[{"embeddable":true,"href":"https:\/\/www.leodoro.pt\/pt-pt\/wp-json\/wp\/v2\/users\/2"}],"replies":[{"embeddable":true,"href":"https:\/\/www.leodoro.pt\/pt-pt\/wp-json\/wp\/v2\/comments?post=3757"}],"version-history":[{"count":1,"href":"https:\/\/www.leodoro.pt\/pt-pt\/wp-json\/wp\/v2\/pages\/3757\/revisions"}],"predecessor-version":[{"id":3758,"href":"https:\/\/www.leodoro.pt\/pt-pt\/wp-json\/wp\/v2\/pages\/3757\/revisions\/3758"}],"wp:attachment":[{"href":"https:\/\/www.leodoro.pt\/pt-pt\/wp-json\/wp\/v2\/media?parent=3757"}],"curies":[{"name":"wp","href":"https:\/\/api.w.org\/{rel}","templated":true}]}}